{"id":284,"date":"2025-10-01T06:50:50","date_gmt":"2025-09-30T17:50:50","guid":{"rendered":"https:\/\/privacyready.nz\/?page_id=284"},"modified":"2025-11-05T01:51:15","modified_gmt":"2025-11-04T12:51:15","slug":"nz-privacy-policy","status":"publish","type":"page","link":"https:\/\/www.privacyready.uk\/fr\/nz-privacy-policy\/","title":{"rendered":"Politique de confidentialit\u00e9 (NZ)"},"content":{"rendered":"<p>[et_pb_section fb_built=&#8221;1&#8243; _builder_version=&#8221;4.27.4&#8243; _module_preset=&#8221;default&#8221; global_colors_info=&#8221;{}&#8221;][et_pb_row _builder_version=&#8221;4.27.4&#8243; _module_preset=&#8221;default&#8221; global_colors_info=&#8221;{}&#8221;][et_pb_column type=&#8221;4_4&#8243; _builder_version=&#8221;4.27.4&#8243; _module_preset=&#8221;default&#8221; global_colors_info=&#8221;{}&#8221;][et_pb_text _builder_version=&#8221;4.27.4&#8243; _module_preset=&#8221;default&#8221; hover_enabled=&#8221;0&#8243; global_colors_info=&#8221;{}&#8221; sticky_enabled=&#8221;0&#8243;]<\/p>\n<p data-start=\"668\" data-end=\"736\"><strong data-start=\"668\" data-end=\"704\"><\/strong><\/p>\n<p data-start=\"668\" data-end=\"736\"><strong data-start=\"668\" data-end=\"704\"><\/strong><\/p>\n<p data-start=\"668\" data-end=\"736\"><strong data-start=\"668\" data-end=\"704\">Politique de confidentialit\u00e9 \u2013 Nouvelle-Z\u00e9lande<\/strong><br data-start=\"704\" data-end=\"707\" \/><em data-start=\"707\" data-end=\"736\">Derni\u00e8re mise \u00e0 jour : 30 septembre 2025<\/em><\/p>\n<p data-start=\"738\" data-end=\"904\">Ce site web est exploit\u00e9 par <a href=\"https:\/\/csas.io\" target=\"_blank\" rel=\"noopener\">CSAS Limited<\/a> en tant que d\u00e9monstration d\u2019une infrastructure technologique conforme \u00e0 la protection de la vie priv\u00e9e.\nIl ne s\u2019agit pas d\u2019un service commercial et il ne fournit pas de conseils juridiques.<\/p>\n<p data-start=\"906\" data-end=\"931\"><strong data-start=\"906\" data-end=\"929\">Objet du site<\/strong><\/p>\n<ul data-start=\"932\" data-end=\"1125\">\n<li data-start=\"932\" data-end=\"1003\">\n<p data-start=\"934\" data-end=\"1003\">Nous publions des informations sur l\u2019h\u00e9bergement de sites web s\u00e9curis\u00e9s et respectueux de la confidentialit\u00e9.<\/p>\n<\/li>\n<li data-start=\"1004\" data-end=\"1065\">\n<p data-start=\"1006\" data-end=\"1065\">Les visiteurs peuvent consulter les pages sans inscription ni suivi.<\/p>\n<\/li>\n<li data-start=\"1066\" data-end=\"1125\">\n<p data-start=\"1068\" data-end=\"1125\">Un formulaire de contact peut \u00eatre disponible pour demander des informations.<\/p>\n<\/li>\n<\/ul>\n<p data-start=\"1127\" data-end=\"1169\"><strong data-start=\"1127\" data-end=\"1167\">Donn\u00e9es personnelles collect\u00e9es<\/strong><\/p>\n<ul data-start=\"1170\" data-end=\"1435\">\n<li data-start=\"1170\" data-end=\"1284\">\n<p data-start=\"1172\" data-end=\"1284\">Si vous remplissez le formulaire de contact, nous recevons les informations que vous choisissez de fournir (par exemple : nom, e-mail, organisation).<\/p>\n<\/li>\n<li data-start=\"1285\" data-end=\"1337\">\n<p data-start=\"1287\" data-end=\"1337\">Nous n\u2019utilisons ni outils d\u2019analyse ni traceurs publicitaires.<\/p>\n<\/li>\n<li data-start=\"1338\" data-end=\"1435\">\n<p data-start=\"1340\" data-end=\"1435\">Les cookies essentiels sont g\u00e9r\u00e9s via Usercentrics\/Cookiebot (Allemagne) uniquement \u00e0 des fins de consentement.<\/p>\n<\/li>\n<\/ul>\n<p data-start=\"1437\" data-end=\"1465\"><strong data-start=\"1437\" data-end=\"1463\">Utilisation des informations<\/strong><\/p>\n<ul data-start=\"1466\" data-end=\"1613\">\n<li data-start=\"1466\" data-end=\"1497\">\n<p data-start=\"1468\" data-end=\"1497\">R\u00e9pondre \u00e0 votre demande.<\/p>\n<\/li>\n<li data-start=\"1498\" data-end=\"1551\">\n<p data-start=\"1500\" data-end=\"1551\">Illustrer le fonctionnement d\u2019outils conformes \u00e0 la protection de la vie priv\u00e9e.<\/p>\n<\/li>\n<li data-start=\"1552\" data-end=\"1613\">\n<p data-start=\"1554\" data-end=\"1613\">Nous ne vendons, ne partageons ni n\u2019utilisons vos donn\u00e9es \u00e0 des fins de marketing.<\/p>\n<\/li>\n<\/ul>\n<p data-start=\"1615\" data-end=\"1648\"><strong data-start=\"1615\" data-end=\"1646\">Lieu de stockage des donn\u00e9es<\/strong><\/p>\n<ul data-start=\"1649\" data-end=\"1827\">\n<li data-start=\"1649\" data-end=\"1737\">\n<p data-start=\"1651\" data-end=\"1737\">Les donn\u00e9es sont trait\u00e9es par des prestataires \u00e9tablis dans l\u2019Union europ\u00e9enne ou dans des pays reconnus comme ad\u00e9quats au titre du RGPD.<\/p>\n<\/li>\n<\/ul>\n<p data-start=\"1740\" data-end=\"1827\">Email is routed via Tuta (Germany), and transactional email via Lettermint (Netherlands).<\/p>\n<p data-start=\"1829\" data-end=\"1876\"><strong data-start=\"1829\" data-end=\"1874\">Vos droits selon la loi n\u00e9o-z\u00e9landaise sur la vie priv\u00e9e de 2020<\/strong><\/p>\n<ul data-start=\"1877\" data-end=\"2050\">\n<li data-start=\"1877\" data-end=\"1946\">\n<p data-start=\"1879\" data-end=\"1946\">Vous pouvez demander une copie des informations personnelles que nous d\u00e9tenons \u00e0 votre sujet.<\/p>\n<\/li>\n<li data-start=\"1947\" data-end=\"1995\">\n<p data-start=\"1949\" data-end=\"1995\">Vous pouvez nous demander de les corriger si elles sont inexactes.<\/p>\n<\/li>\n<li data-start=\"1996\" data-end=\"2050\">\n<p data-start=\"1998\" data-end=\"2050\">Pour exercer ces droits, contactez-nous \u00e0 : <a data-start=\"2030\" data-end=\"2047\" class=\"decorated-link\" rel=\"noopener\" href=\"mailto:dpo@privacyready.nz\">dpo@privacyready.nz<span aria-hidden=\"true\" class=\"ms-0.5 inline-block align-middle leading-none\"><svg width=\"20\" height=\"20\" viewbox=\"0 0 20 20\" fill=\"currentColor\" xmlns=\"http:\/\/www.w3.org\/2000\/svg\" data-rtl-flip=\"\" class=\"block h-[0.75em] w-[0.75em] stroke-current stroke-[0.75]\"><path d=\"M14.3349 13.3301V6.60645L5.47065 15.4707C5.21095 15.7304 4.78895 15.7304 4.52925 15.4707C4.26955 15.211 4.26955 14.789 4.52925 14.5293L13.3935 5.66504H6.66011C6.29284 5.66504 5.99507 5.36727 5.99507 5C5.99507 4.63273 6.29284 4.33496 6.66011 4.33496H14.9999L15.1337 4.34863C15.4369 4.41057 15.665 4.67857 15.665 5V13.3301C15.6649 13.6973 15.3672 13.9951 14.9999 13.9951C14.6327 13.9951 14.335 13.6973 14.3349 13.3301Z\"><\/path><\/svg><\/span><\/a>.<\/p>\n<\/li>\n<\/ul>\n<p data-start=\"2052\" data-end=\"2227\"><strong data-start=\"2052\" data-end=\"2076\">Champ d\u2019application et avertissement<\/strong><br data-start=\"2076\" data-end=\"2079\" \/>Cette politique d\u00e9montre la conformit\u00e9 au Privacy Act n\u00e9o-z\u00e9landais de 2020.\nPrivacyReady.nz n\u2019est pas un service destin\u00e9 aux clients et ne fournit pas de conseils juridiques.<\/p>\n<p>[\/et_pb_text][\/et_pb_column][\/et_pb_row][\/et_pb_section]<\/p>","protected":false},"excerpt":{"rendered":"<p>NZ Privacy Policy \u2013 PrivacyReady.nzLast updated: 30 September 2025 This website is operated by CSAS Limited as a demonstration of a privacy-aligned technology stack. It is not a commercial service and does not provide legal advice. What this site does We publish information about secure, privacy-first website hosting. Visitors can view pages without registration or [&hellip;]<\/p>","protected":false},"author":1,"featured_media":0,"parent":0,"menu_order":0,"comment_status":"closed","ping_status":"closed","template":"","meta":{"_et_pb_use_builder":"on","_et_pb_old_content":"","_et_gb_content_width":"","footnotes":""},"class_list":["post-284","page","type-page","status-publish","hentry"],"_links":{"self":[{"href":"https:\/\/www.privacyready.uk\/fr\/wp-json\/wp\/v2\/pages\/284","targetHints":{"allow":["GET"]}}],"collection":[{"href":"https:\/\/www.privacyready.uk\/fr\/wp-json\/wp\/v2\/pages"}],"about":[{"href":"https:\/\/www.privacyready.uk\/fr\/wp-json\/wp\/v2\/types\/page"}],"author":[{"embeddable":true,"href":"https:\/\/www.privacyready.uk\/fr\/wp-json\/wp\/v2\/users\/1"}],"replies":[{"embeddable":true,"href":"https:\/\/www.privacyready.uk\/fr\/wp-json\/wp\/v2\/comments?post=284"}],"version-history":[{"count":6,"href":"https:\/\/www.privacyready.uk\/fr\/wp-json\/wp\/v2\/pages\/284\/revisions"}],"predecessor-version":[{"id":839,"href":"https:\/\/www.privacyready.uk\/fr\/wp-json\/wp\/v2\/pages\/284\/revisions\/839"}],"wp:attachment":[{"href":"https:\/\/www.privacyready.uk\/fr\/wp-json\/wp\/v2\/media?parent=284"}],"curies":[{"name":"wp","href":"https:\/\/api.w.org\/{rel}","templated":true}]}}