{"id":289,"date":"2025-10-01T06:52:27","date_gmt":"2025-09-30T17:52:27","guid":{"rendered":"https:\/\/privacyready.nz\/?page_id=289"},"modified":"2025-11-11T11:05:43","modified_gmt":"2025-11-10T22:05:43","slug":"eu-privacy-policy","status":"publish","type":"page","link":"https:\/\/www.privacyready.uk\/fr\/eu-privacy-policy\/","title":{"rendered":"Politique de confidentialit\u00e9 (UE)"},"content":{"rendered":"<p>[et_pb_section fb_built=&#8221;1&#8243; _builder_version=&#8221;4.27.4&#8243; _module_preset=&#8221;default&#8221; global_colors_info=&#8221;{}&#8221;][et_pb_row _builder_version=&#8221;4.27.4&#8243; _module_preset=&#8221;default&#8221; global_colors_info=&#8221;{}&#8221;][et_pb_column type=&#8221;4_4&#8243; _builder_version=&#8221;4.27.4&#8243; _module_preset=&#8221;default&#8221; global_colors_info=&#8221;{}&#8221;][et_pb_text _builder_version=&#8221;4.27.4&#8243; _module_preset=&#8221;default&#8221; hover_enabled=&#8221;0&#8243; global_colors_info=&#8221;{}&#8221; sticky_enabled=&#8221;0&#8243;]<\/p>\n<p data-start=\"2282\" data-end=\"2350\"><strong data-start=\"2282\" data-end=\"2318\"><\/strong><\/p>\n<p data-start=\"2282\" data-end=\"2350\"><strong data-start=\"2282\" data-end=\"2318\"><\/strong><\/p>\n<p data-start=\"2282\" data-end=\"2350\"><strong data-start=\"2282\" data-end=\"2318\"><\/strong><\/p>\n<p data-start=\"2282\" data-end=\"2350\"><strong data-start=\"2282\" data-end=\"2318\">EU\/UK Privacy Policy \u2013 PrivacyReady.nz<\/strong><br data-start=\"2318\" data-end=\"2321\" \/><em data-start=\"2321\" data-end=\"2350\">Derni\u00e8re mise \u00e0 jour : 30 septembre 2025<\/em><\/p>\n<p data-start=\"2352\" data-end=\"2556\">Ce site web est exploit\u00e9 par <a href=\"https:\/\/csas.io\" target=\"_blank\" rel=\"noopener\">CSAS Limited<\/a>, une soci\u00e9t\u00e9 n\u00e9o-z\u00e9landaise.\nLe site illustre une conformit\u00e9 technique au RGPD de l\u2019Union europ\u00e9enne et au RGPD du Royaume-Uni.\nIl ne s\u2019agit pas d\u2019un service commercial et il ne fournit pas de conseils juridiques.<\/p>\n<p data-start=\"2558\" data-end=\"2572\"><strong data-start=\"2558\" data-end=\"2570\">Notre r\u00f4le<\/strong><\/p>\n<ul data-start=\"2573\" data-end=\"2741\">\n<li data-start=\"2573\" data-end=\"2677\">\n<p data-start=\"2575\" data-end=\"2677\">\u00c0 des fins de d\u00e9monstration, CSAS Limited agit en tant que responsable du traitement des donn\u00e9es personnelles soumises sur ce site.<\/p>\n<\/li>\n<li data-start=\"2678\" data-end=\"2741\">\n<p data-start=\"2680\" data-end=\"2741\">Aucun annonceur tiers ni prestataire bas\u00e9 aux \u00c9tats-Unis n\u2019est utilis\u00e9.<\/p>\n<\/li>\n<\/ul>\n<p data-start=\"2743\" data-end=\"2778\"><strong data-start=\"2743\" data-end=\"2776\">Donn\u00e9es personnelles collect\u00e9es<\/strong><\/p>\n<ul data-start=\"2779\" data-end=\"2952\">\n<li data-start=\"2779\" data-end=\"2845\">\n<p data-start=\"2781\" data-end=\"2845\">Soumissions via le formulaire de contact (nom, e-mail, organisation, message).<\/p>\n<\/li>\n<li data-start=\"2846\" data-end=\"2905\">\n<p data-start=\"2848\" data-end=\"2905\">Pr\u00e9f\u00e9rences de consentement g\u00e9r\u00e9es via Usercentrics\/Cookiebot.<\/p>\n<\/li>\n<li data-start=\"2906\" data-end=\"2952\">\n<p data-start=\"2908\" data-end=\"2952\">Aucun cookie d\u2019analyse ou de suivi n\u2019est utilis\u00e9.<\/p>\n<\/li>\n<\/ul>\n<p data-start=\"2954\" data-end=\"2986\"><strong data-start=\"2954\" data-end=\"2984\">Base l\u00e9gale du traitement<\/strong><\/p>\n<ul data-start=\"2987\" data-end=\"3109\">\n<li data-start=\"2987\" data-end=\"3044\">\n<p data-start=\"2989\" data-end=\"3044\">Consentement, lorsque vous transmettez des informations via le formulaire.<\/p>\n<\/li>\n<li data-start=\"3045\" data-end=\"3109\">\n<p data-start=\"3047\" data-end=\"3109\">Int\u00e9r\u00eat l\u00e9gitime, pour d\u00e9montrer une infrastructure conforme \u00e0 la protection de la vie priv\u00e9e.<\/p>\n<\/li>\n<\/ul>\n<p data-start=\"3111\" data-end=\"3138\"><strong data-start=\"3111\" data-end=\"3136\">Dur\u00e9e de conservation des donn\u00e9es<\/strong><\/p>\n<ul data-start=\"3139\" data-end=\"3258\">\n<li data-start=\"3139\" data-end=\"3206\">\n<p data-start=\"3141\" data-end=\"3206\">Les informations relatives aux demandes sont conserv\u00e9es uniquement le temps n\u00e9cessaire pour y r\u00e9pondre.<\/p>\n<\/li>\n<li data-start=\"3207\" data-end=\"3258\">\n<p data-start=\"3209\" data-end=\"3258\">Les donn\u00e9es de d\u00e9monstration peuvent \u00eatre supprim\u00e9es p\u00e9riodiquement.<\/p>\n<\/li>\n<\/ul>\n<p data-start=\"3260\" data-end=\"3290\"><strong data-start=\"3260\" data-end=\"3288\">Your rights under the EU GDPR and UK GDPR<\/strong><\/p>\n<ul data-start=\"3291\" data-end=\"3452\">\n<li data-start=\"3291\" data-end=\"3363\">\n<p data-start=\"3293\" data-end=\"3363\">Droit d\u2019acc\u00e8s, de rectification, d\u2019effacement, de limitation, d\u2019opposition et de portabilit\u00e9.<\/p>\n<\/li>\n<li data-start=\"3364\" data-end=\"3397\">\n<p data-start=\"3366\" data-end=\"3397\">Vous pouvez retirer votre consentement \u00e0 tout moment.<\/p>\n<\/li>\n<li data-start=\"3398\" data-end=\"3452\">\n<p data-start=\"3400\" data-end=\"3452\">Pour exercer vos droits, contactez : <a data-start=\"3408\" data-end=\"3425\" class=\"decorated-link\" rel=\"noopener\" href=\"mailto:dpo@privacyready.nz\">dpo@privacyready.nz<span aria-hidden=\"true\" class=\"ms-0.5 inline-block align-middle leading-none\"><svg width=\"20\" height=\"20\" viewbox=\"0 0 20 20\" fill=\"currentColor\" xmlns=\"http:\/\/www.w3.org\/2000\/svg\" data-rtl-flip=\"\" class=\"block h-[0.75em] w-[0.75em] stroke-current stroke-[0.75]\"><path d=\"M14.3349 13.3301V6.60645L5.47065 15.4707C5.21095 15.7304 4.78895 15.7304 4.52925 15.4707C4.26955 15.211 4.26955 14.789 4.52925 14.5293L13.3935 5.66504H6.66011C6.29284 5.66504 5.99507 5.36727 5.99507 5C5.99507 4.63273 6.29284 4.33496 6.66011 4.33496H14.9999L15.1337 4.34863C15.4369 4.41057 15.665 4.67857 15.665 5V13.3301C15.6649 13.6973 15.3672 13.9951 14.9999 13.9951C14.6327 13.9951 14.335 13.6973 14.3349 13.3301Z\"><\/path><\/svg><\/span><\/a> to exercise your rights.<\/p>\n<\/li>\n<\/ul>\n<p data-start=\"3454\" data-end=\"3483\"><strong data-start=\"3454\" data-end=\"3481\">Transferts internationaux<\/strong><\/p>\n<ul data-start=\"3484\" data-end=\"3636\">\n<li data-start=\"3484\" data-end=\"3587\"><span>Data is stored and processed within the European Union (Germany) or in countries that the European Commission and the United Kingdom each recognise as providing adequate protection under the GDPR.<\/span><\/li>\n<li data-start=\"3484\" data-end=\"3587\"><span>No data is transferred to the United States or to jurisdictions without adequacy recognition.<\/span><\/li>\n<\/ul>\n<p data-start=\"3638\" data-end=\"3785\"><strong data-start=\"3638\" data-end=\"3662\">Champ d\u2019application et avertissement<\/strong><br data-start=\"3662\" data-end=\"3665\" \/>Cette politique de confidentialit\u00e9 illustre la conformit\u00e9 au RGPD.\nElle ne remplace pas un conseil juridique et ne doit pas \u00eatre consid\u00e9r\u00e9e comme tel.<\/p>\n<p>[\/et_pb_text][\/et_pb_column][\/et_pb_row][\/et_pb_section]<\/p>","protected":false},"excerpt":{"rendered":"<p>EU\/UK Privacy Policy \u2013 PrivacyReady.nzLast updated: 30 September 2025 This website is operated by CSAS Limited, a New Zealand company. The site demonstrates technical alignment with the EU GDPR and UK GDPR. It is not a commercial service and does not provide legal advice. Our role For demonstration purposes, CSAS Limited is the data controller [&hellip;]<\/p>","protected":false},"author":1,"featured_media":0,"parent":0,"menu_order":0,"comment_status":"closed","ping_status":"closed","template":"","meta":{"_et_pb_use_builder":"on","_et_pb_old_content":"","_et_gb_content_width":"","footnotes":""},"class_list":["post-289","page","type-page","status-publish","hentry"],"_links":{"self":[{"href":"https:\/\/www.privacyready.uk\/fr\/wp-json\/wp\/v2\/pages\/289","targetHints":{"allow":["GET"]}}],"collection":[{"href":"https:\/\/www.privacyready.uk\/fr\/wp-json\/wp\/v2\/pages"}],"about":[{"href":"https:\/\/www.privacyready.uk\/fr\/wp-json\/wp\/v2\/types\/page"}],"author":[{"embeddable":true,"href":"https:\/\/www.privacyready.uk\/fr\/wp-json\/wp\/v2\/users\/1"}],"replies":[{"embeddable":true,"href":"https:\/\/www.privacyready.uk\/fr\/wp-json\/wp\/v2\/comments?post=289"}],"version-history":[{"count":9,"href":"https:\/\/www.privacyready.uk\/fr\/wp-json\/wp\/v2\/pages\/289\/revisions"}],"predecessor-version":[{"id":854,"href":"https:\/\/www.privacyready.uk\/fr\/wp-json\/wp\/v2\/pages\/289\/revisions\/854"}],"wp:attachment":[{"href":"https:\/\/www.privacyready.uk\/fr\/wp-json\/wp\/v2\/media?parent=289"}],"curies":[{"name":"wp","href":"https:\/\/api.w.org\/{rel}","templated":true}]}}