{"id":292,"date":"2025-10-01T06:53:28","date_gmt":"2025-09-30T17:53:28","guid":{"rendered":"https:\/\/privacyready.nz\/?page_id=292"},"modified":"2025-11-04T10:18:19","modified_gmt":"2025-11-03T21:18:19","slug":"cookie-policy","status":"publish","type":"page","link":"https:\/\/www.privacyready.uk\/fr\/cookie-policy\/","title":{"rendered":"Politique des cookies"},"content":{"rendered":"<p>[et_pb_section fb_built=&#8221;1&#8243; _builder_version=&#8221;4.27.4&#8243; _module_preset=&#8221;default&#8221; global_colors_info=&#8221;{}&#8221;][et_pb_row _builder_version=&#8221;4.27.4&#8243; _module_preset=&#8221;default&#8221; global_colors_info=&#8221;{}&#8221;][et_pb_column type=&#8221;4_4&#8243; _builder_version=&#8221;4.27.4&#8243; _module_preset=&#8221;default&#8221; global_colors_info=&#8221;{}&#8221;][et_pb_text _builder_version=&#8221;4.27.4&#8243; _module_preset=&#8221;default&#8221; hover_enabled=&#8221;0&#8243; global_colors_info=&#8221;{}&#8221; sticky_enabled=&#8221;0&#8243;]<\/p>\n<h1 data-start=\"186\" data-end=\"203\"><\/h1>\n<h1 data-start=\"186\" data-end=\"203\"><\/h1>\n<h1 data-start=\"186\" data-end=\"203\"><\/h1>\n<h1 data-start=\"186\" data-end=\"203\"><\/h1>\n<h1 data-start=\"186\" data-end=\"203\">Politique des cookies<\/h1>\n<p data-start=\"205\" data-end=\"464\">Ce site web utilise des cookies et des technologies similaires afin d\u2019assurer son bon fonctionnement et de respecter vos choix en mati\u00e8re de confidentialit\u00e9.\nNous gardons cette politique simple : seuls les cookies essentiels sont d\u00e9pos\u00e9s sans votre consentement. Toutes les autres cat\u00e9gories restent d\u00e9sactiv\u00e9es jusqu\u2019\u00e0 ce que vous choisissiez de les autoriser.<\/p>\n<p data-start=\"466\" data-end=\"724\">La liste des cookies ci-dessous est g\u00e9n\u00e9r\u00e9e automatiquement par notre outil de consentement (Cookiebot de Usercentrics).\nElle indique quels cookies sont actifs sur ce site, qui les fournit et \u00e0 quoi ils servent.\nLe tableau est mis \u00e0 jour r\u00e9guli\u00e8rement apr\u00e8s chaque analyse du site.<\/p>\n<p data-start=\"726\" data-end=\"750\"><strong data-start=\"726\" data-end=\"748\">Utilisation des cookies<\/strong><\/p>\n<ul data-start=\"751\" data-end=\"1035\">\n<li data-start=\"751\" data-end=\"861\">\n<p data-start=\"753\" data-end=\"861\"><strong data-start=\"753\" data-end=\"783\">Cookies strictement n\u00e9cessaires :<\/strong>indispensables au fonctionnement du site, par exemple pour m\u00e9moriser vos pr\u00e9f\u00e9rences de confidentialit\u00e9.<\/p>\n<\/li>\n<li data-start=\"862\" data-end=\"1035\">\n<p data-start=\"864\" data-end=\"1035\"><strong data-start=\"864\" data-end=\"914\">Cookies de pr\u00e9f\u00e9rences, de statistiques et de marketing :<\/strong>utilis\u00e9s uniquement avec votre consentement.<\/p>\n<\/li>\n<\/ul>\n<p data-start=\"1037\" data-end=\"1055\"><strong data-start=\"1037\" data-end=\"1053\">Vos choix<\/strong><\/p>\n<ul data-start=\"1056\" data-end=\"1240\">\n<li data-start=\"1056\" data-end=\"1165\">\n<p data-start=\"1058\" data-end=\"1165\">Vous pouvez modifier ou retirer votre consentement \u00e0 tout moment en rouvrant la banni\u00e8re des cookies (en bas de page).<\/p>\n<\/li>\n<li data-start=\"1166\" data-end=\"1240\">\n<p data-start=\"1168\" data-end=\"1240\">Vous pouvez \u00e9galement ajuster les param\u00e8tres de votre navigateur pour bloquer totalement les cookies.<\/p>\n<\/li>\n<\/ul>\n<p data-start=\"1242\" data-end=\"1403\"><strong data-start=\"1242\" data-end=\"1266\">Champ d\u2019application et avertissement<\/strong><br data-start=\"1266\" data-end=\"1269\" \/>Ce site est une d\u00e9monstration d\u2019une infrastructure technique conforme \u00e0 la protection de la vie priv\u00e9e.\nIl ne s\u2019agit pas d\u2019un service commercial et il ne fournit pas de conseils juridiques.<\/p>\n<p>[\/et_pb_text][et_pb_code _builder_version=&#8221;4.27.4&#8243; _module_preset=&#8221;default&#8221; global_colors_info=&#8221;{}&#8221;]<\/p>\n<div class=\"uc-embed\" uc-embed-type=\"category\"><\/div>\n<p>[\/et_pb_code][\/et_pb_column][\/et_pb_row][\/et_pb_section]<\/p>","protected":false},"excerpt":{"rendered":"<p>Cookie Policy This website uses cookies and similar technologies to make the site work securely and to respect your choices. We keep this policy simple: only essential cookies are set without your consent. All other categories are disabled until you choose to allow them. The list of cookies below is generated automatically by our consent [&hellip;]<\/p>","protected":false},"author":1,"featured_media":0,"parent":0,"menu_order":0,"comment_status":"closed","ping_status":"closed","template":"","meta":{"_et_pb_use_builder":"on","_et_pb_old_content":"","_et_gb_content_width":"","footnotes":""},"class_list":["post-292","page","type-page","status-publish","hentry"],"_links":{"self":[{"href":"https:\/\/www.privacyready.uk\/fr\/wp-json\/wp\/v2\/pages\/292","targetHints":{"allow":["GET"]}}],"collection":[{"href":"https:\/\/www.privacyready.uk\/fr\/wp-json\/wp\/v2\/pages"}],"about":[{"href":"https:\/\/www.privacyready.uk\/fr\/wp-json\/wp\/v2\/types\/page"}],"author":[{"embeddable":true,"href":"https:\/\/www.privacyready.uk\/fr\/wp-json\/wp\/v2\/users\/1"}],"replies":[{"embeddable":true,"href":"https:\/\/www.privacyready.uk\/fr\/wp-json\/wp\/v2\/comments?post=292"}],"version-history":[{"count":5,"href":"https:\/\/www.privacyready.uk\/fr\/wp-json\/wp\/v2\/pages\/292\/revisions"}],"predecessor-version":[{"id":804,"href":"https:\/\/www.privacyready.uk\/fr\/wp-json\/wp\/v2\/pages\/292\/revisions\/804"}],"wp:attachment":[{"href":"https:\/\/www.privacyready.uk\/fr\/wp-json\/wp\/v2\/media?parent=292"}],"curies":[{"name":"wp","href":"https:\/\/api.w.org\/{rel}","templated":true}]}}