{"id":314,"date":"2025-10-01T11:07:20","date_gmt":"2025-09-30T22:07:20","guid":{"rendered":"https:\/\/privacyready.nz\/?page_id=314"},"modified":"2025-11-03T13:01:05","modified_gmt":"2025-11-03T00:01:05","slug":"accessibility","status":"publish","type":"page","link":"https:\/\/www.privacyready.uk\/fr\/accessibility\/","title":{"rendered":"Accessibilit\u00e9 (partiellement conforme)"},"content":{"rendered":"<p>[et_pb_section fb_built=&#8221;1&#8243; _builder_version=&#8221;4.27.4&#8243; _module_preset=&#8221;default&#8221; global_colors_info=&#8221;{}&#8221;][et_pb_row _builder_version=&#8221;4.27.4&#8243; _module_preset=&#8221;default&#8221; global_colors_info=&#8221;{}&#8221;][et_pb_column type=&#8221;4_4&#8243; _builder_version=&#8221;4.27.4&#8243; _module_preset=&#8221;default&#8221; global_colors_info=&#8221;{}&#8221;][et_pb_text _builder_version=&#8221;4.27.4&#8243; _module_preset=&#8221;default&#8221; hover_enabled=&#8221;0&#8243; global_colors_info=&#8221;{}&#8221; sticky_enabled=&#8221;0&#8243;]<\/p>\n<h3><\/h3>\n<h3><\/h3>\n<h3><\/h3>\n<h3><\/h3>\n<h3><\/h3>\n<h3>D\u00e9claration d\u2019accessibilit\u00e9 \u2013 PrivacyReady.nz<\/h3>\n<p><em>Derni\u00e8re mise \u00e0 jour : 30 septembre 2025<\/em><\/p>\n<p>CSAS Limited s\u2019engage \u00e0 rendre ce site de d\u00e9monstration accessible au plus grand nombre, conform\u00e9ment aux normes europ\u00e9ennes d\u2019accessibilit\u00e9 en vigueur.<\/p>\n<h4>Notre approche<\/h4>\n<ul>\n<li>Le site est con\u00e7u selon les R\u00e8gles pour l\u2019accessibilit\u00e9 des contenus Web (WCAG) 2.2, niveau AA.<\/li>\n<li>Un design r\u00e9actif garantit un affichage optimal sur tous les appareils et formats d\u2019\u00e9cran.<\/li>\n<li>Cette d\u00e9monstration prend en charge l\u2019utilisation multilingue sur toutes les couches visibles par les visiteurs, y compris le contenu du site, la gestion du consentement aux cookies et la protection anti-spam.<\/li>\n<li>Un contraste de couleurs clair et des textes alternatifs sont appliqu\u00e9s aux images.<\/li>\n<li>La navigation peut \u00eatre effectu\u00e9e enti\u00e8rement au clavier, sans recours \u00e0 la souris.<\/li>\n<li>Le site utilise des modules d\u2019accessibilit\u00e9 pour am\u00e9liorer l\u2019exp\u00e9rience et la personnalisation des visiteurs ayant des besoins sp\u00e9cifiques.<\/li>\n<\/ul>\n<h4>Limites<\/h4>\n<p>\u00c9tant un site de d\u00e9monstration, certains contenus peuvent ne pas encore r\u00e9pondre enti\u00e8rement aux normes d\u2019accessibilit\u00e9.\nNous poursuivons les tests et les am\u00e9liorations en continu, conform\u00e9ment \u00e0 la Directive europ\u00e9enne sur l\u2019accessibilit\u00e9 (en vigueur depuis juin 2025).<\/p>\n<h4>Commentaires<\/h4>\n<p>Si vous rencontrez un probl\u00e8me d\u2019accessibilit\u00e9, veuillez nous en informer \u00e0 l\u2019adresse suivante :<br \/><a href=\"mailto:accessibility@privacyready.nz\">accessibility@privacyready.nz<\/a><\/p>\n<p>[\/et_pb_text][\/et_pb_column][\/et_pb_row][\/et_pb_section]<\/p>","protected":false},"excerpt":{"rendered":"<p>Accessibility Statement \u2013 PrivacyReady.nz Last updated: 30 September 2025 CSAS Limited is committed to making this demonstration site accessible to as many people as possible, in line with current European accessibility standards. Our approach The site is built to follow the Web Content Accessibility Guidelines (WCAG) 2.2 Level AA. Responsive design is used to ensure [&hellip;]<\/p>","protected":false},"author":1,"featured_media":0,"parent":0,"menu_order":0,"comment_status":"closed","ping_status":"closed","template":"","meta":{"_et_pb_use_builder":"on","_et_pb_old_content":"","_et_gb_content_width":"","footnotes":""},"class_list":["post-314","page","type-page","status-publish","hentry"],"_links":{"self":[{"href":"https:\/\/www.privacyready.uk\/fr\/wp-json\/wp\/v2\/pages\/314","targetHints":{"allow":["GET"]}}],"collection":[{"href":"https:\/\/www.privacyready.uk\/fr\/wp-json\/wp\/v2\/pages"}],"about":[{"href":"https:\/\/www.privacyready.uk\/fr\/wp-json\/wp\/v2\/types\/page"}],"author":[{"embeddable":true,"href":"https:\/\/www.privacyready.uk\/fr\/wp-json\/wp\/v2\/users\/1"}],"replies":[{"embeddable":true,"href":"https:\/\/www.privacyready.uk\/fr\/wp-json\/wp\/v2\/comments?post=314"}],"version-history":[{"count":7,"href":"https:\/\/www.privacyready.uk\/fr\/wp-json\/wp\/v2\/pages\/314\/revisions"}],"predecessor-version":[{"id":786,"href":"https:\/\/www.privacyready.uk\/fr\/wp-json\/wp\/v2\/pages\/314\/revisions\/786"}],"wp:attachment":[{"href":"https:\/\/www.privacyready.uk\/fr\/wp-json\/wp\/v2\/media?parent=314"}],"curies":[{"name":"wp","href":"https:\/\/api.w.org\/{rel}","templated":true}]}}